{"id":52,"date":"2021-12-06T01:25:16","date_gmt":"2021-12-06T01:25:16","guid":{"rendered":"http:\/\/krausshenke.com\/?page_id=52"},"modified":"2021-12-06T01:25:16","modified_gmt":"2021-12-06T01:25:16","slug":"disco-secchi","status":"publish","type":"page","link":"https:\/\/krausshenke.com\/index.php\/disco-secchi\/","title":{"rendered":"Disco Secchi"},"content":{"rendered":"\n<p>Un&nbsp;<strong>disco Secchi<\/strong>&nbsp;o&nbsp;<strong>disco de&nbsp;<a href=\"https:\/\/es.wikipedia.org\/wiki\/Angelo_Secchi\">Secchi<\/a><\/strong>&nbsp;es un instrumento de medici\u00f3n de la penetraci\u00f3n luminosa, y por ello de la&nbsp;<a href=\"https:\/\/es.wikipedia.org\/wiki\/Turbidez\">turbidez<\/a>, en masas de agua como r\u00edos, lagos y mares.<\/p>\n\n\n\n<p>Sus caracter\u00edsticas son las siguientes:<\/p>\n\n\n\n<ul><li>Mide de 20 a 30 cent\u00edmetros de di\u00e1metro.<\/li><li>Para mejorar el contraste, est\u00e1 dividido en cuartos que se pintan en blanco y negro alternativamente.<\/li><\/ul>\n\n\n\n<p><\/p>\n","protected":false},"excerpt":{"rendered":"<p>Un&nbsp;disco Secchi&nbsp;o&nbsp;disco de&nbsp;Secchi&nbsp;es un instrumento de medici\u00f3n de la penetraci\u00f3n luminosa, y por ello de la&nbsp;turbidez, en masas de agua como r\u00edos, lagos y mares. Sus caracter\u00edsticas son las siguientes: Mide de 20 a 30 cent\u00edmetros de di\u00e1metro. Para mejorar el contraste, est\u00e1 dividido en cuartos que se pintan en blanco y negro alternativamente.<\/p>\n","protected":false},"author":1,"featured_media":0,"parent":0,"menu_order":0,"comment_status":"closed","ping_status":"closed","template":"","meta":{"om_disable_all_campaigns":false,"_monsterinsights_skip_tracking":false,"_monsterinsights_sitenote_active":false,"_monsterinsights_sitenote_note":"","_monsterinsights_sitenote_category":0,"_joinchat":[]},"_links":{"self":[{"href":"https:\/\/krausshenke.com\/index.php\/wp-json\/wp\/v2\/pages\/52"}],"collection":[{"href":"https:\/\/krausshenke.com\/index.php\/wp-json\/wp\/v2\/pages"}],"about":[{"href":"https:\/\/krausshenke.com\/index.php\/wp-json\/wp\/v2\/types\/page"}],"author":[{"embeddable":true,"href":"https:\/\/krausshenke.com\/index.php\/wp-json\/wp\/v2\/users\/1"}],"replies":[{"embeddable":true,"href":"https:\/\/krausshenke.com\/index.php\/wp-json\/wp\/v2\/comments?post=52"}],"version-history":[{"count":1,"href":"https:\/\/krausshenke.com\/index.php\/wp-json\/wp\/v2\/pages\/52\/revisions"}],"predecessor-version":[{"id":53,"href":"https:\/\/krausshenke.com\/index.php\/wp-json\/wp\/v2\/pages\/52\/revisions\/53"}],"wp:attachment":[{"href":"https:\/\/krausshenke.com\/index.php\/wp-json\/wp\/v2\/media?parent=52"}],"curies":[{"name":"wp","href":"https:\/\/api.w.org\/{rel}","templated":true}]}}