{"id":41,"date":"2021-12-06T01:07:31","date_gmt":"2021-12-06T01:07:31","guid":{"rendered":"http:\/\/krausshenke.com\/?page_id=41"},"modified":"2021-12-06T01:07:31","modified_gmt":"2021-12-06T01:07:31","slug":"malacometros","status":"publish","type":"page","link":"https:\/\/krausshenke.com\/index.php\/malacometros\/","title":{"rendered":"Malac\u00f3metros"},"content":{"rendered":"\n<p>El&nbsp;<strong>malac\u00f3metro<\/strong>&nbsp;es un instrumento que se utiliza para medir la longitud de los&nbsp;<a href=\"https:\/\/es.wikipedia.org\/wiki\/Moluscos\">moluscos<\/a>.<\/p>\n\n\n\n<p>Su&nbsp;<a href=\"https:\/\/es.wikipedia.org\/wiki\/Etimolog%C3%ADa\">etimolog\u00eda<\/a>&nbsp;est\u00e1 compuesta del&nbsp;<a href=\"https:\/\/es.wikipedia.org\/wiki\/Idioma_griego\">griego<\/a>&nbsp;<em>malak\u00f3s<\/em>&nbsp;(\u2018blando\u2018\u2019) y de&nbsp;<em>metr\u00f3n<\/em>&nbsp;(\u2018medida\u2019).<\/p>\n\n\n\n<p>La rama de la zoolog\u00eda que estudia a los moluscos es la&nbsp;<a href=\"https:\/\/es.wikipedia.org\/wiki\/Malacolog%C3%ADa\">malacolog\u00eda<\/a>.<\/p>\n\n\n\n<p>El malac\u00f3metro es empleado por inspectores en ministerios para la fiscalizaci\u00f3n y control de la extracci\u00f3n de este recurso. Tambi\u00e9n es utilizado por maricultores y centros de acuicultura en las empresas privadas.<\/p>\n","protected":false},"excerpt":{"rendered":"<p>El&nbsp;malac\u00f3metro&nbsp;es un instrumento que se utiliza para medir la longitud de los&nbsp;moluscos. Su&nbsp;etimolog\u00eda&nbsp;est\u00e1 compuesta del&nbsp;griego&nbsp;malak\u00f3s&nbsp;(\u2018blando\u2018\u2019) y de&nbsp;metr\u00f3n&nbsp;(\u2018medida\u2019). La rama de la zoolog\u00eda que estudia a los moluscos es la&nbsp;malacolog\u00eda. El malac\u00f3metro es empleado por inspectores en ministerios para la fiscalizaci\u00f3n y control de la extracci\u00f3n de este recurso. Tambi\u00e9n es utilizado por maricultores y centros &hellip; <\/p>\n<p class=\"link-more\"><a href=\"https:\/\/krausshenke.com\/index.php\/malacometros\/\" class=\"more-link\">Read more<span class=\"screen-reader-text\"> &#8220;Malac\u00f3metros&#8221;<\/span><\/a><\/p>\n","protected":false},"author":1,"featured_media":0,"parent":0,"menu_order":0,"comment_status":"closed","ping_status":"closed","template":"","meta":{"om_disable_all_campaigns":false,"_monsterinsights_skip_tracking":false,"_monsterinsights_sitenote_active":false,"_monsterinsights_sitenote_note":"","_monsterinsights_sitenote_category":0,"_joinchat":[]},"_links":{"self":[{"href":"https:\/\/krausshenke.com\/index.php\/wp-json\/wp\/v2\/pages\/41"}],"collection":[{"href":"https:\/\/krausshenke.com\/index.php\/wp-json\/wp\/v2\/pages"}],"about":[{"href":"https:\/\/krausshenke.com\/index.php\/wp-json\/wp\/v2\/types\/page"}],"author":[{"embeddable":true,"href":"https:\/\/krausshenke.com\/index.php\/wp-json\/wp\/v2\/users\/1"}],"replies":[{"embeddable":true,"href":"https:\/\/krausshenke.com\/index.php\/wp-json\/wp\/v2\/comments?post=41"}],"version-history":[{"count":1,"href":"https:\/\/krausshenke.com\/index.php\/wp-json\/wp\/v2\/pages\/41\/revisions"}],"predecessor-version":[{"id":42,"href":"https:\/\/krausshenke.com\/index.php\/wp-json\/wp\/v2\/pages\/41\/revisions\/42"}],"wp:attachment":[{"href":"https:\/\/krausshenke.com\/index.php\/wp-json\/wp\/v2\/media?parent=41"}],"curies":[{"name":"wp","href":"https:\/\/api.w.org\/{rel}","templated":true}]}}